{"id":28479,"date":"2020-05-16T13:58:57","date_gmt":"2020-05-16T13:58:57","guid":{"rendered":"https:\/\/theme-dev.cmsmasters.net\/dentalist\/?page_id=28479"},"modified":"2025-07-25T15:18:37","modified_gmt":"2025-07-25T13:18:37","slug":"reserver","status":"publish","type":"page","link":"https:\/\/dunespa.fr\/2025dune\/reserver\/","title":{"rendered":"R\u00e9server votre spa privatif \u00e0 Lembach \u2013 Dune Spa"},"content":{"rendered":"\t\t<div data-elementor-type=\"wp-page\" data-elementor-id=\"28479\" class=\"elementor elementor-28479\">\n\t\t\t\t<div class=\"elementor-element elementor-element-455ab6c e-flex e-con-boxed cmsmasters-block-default e-con e-parent\" data-id=\"455ab6c\" data-element_type=\"container\">\n\t\t\t\t\t<div class=\"e-con-inner\">\n\t\t\t\t<div class=\"elementor-element elementor-element-48e2fd9 elementor-alert-danger cmsmasters-block-default cmsmasters-sticky-default elementor-widget elementor-widget-alert\" data-id=\"48e2fd9\" data-element_type=\"widget\" data-widget_type=\"alert.default\">\n\t\t\t\t\t\t\t<div class=\"elementor-alert\" role=\"alert\">\n\n\t\t\t\t\t\t<span class=\"elementor-alert-title\"> R\u00e9servations &amp; Conditions<\/span>\n\t\t\t\n\t\t\t\t\t\t<span class=\"elementor-alert-description\">Merci de noter que toute annulation ou modification doit \u00eatre signal\u00e9e au moins 48h \u00e0 l\u2019avance.\nPass\u00e9 ce d\u00e9lai, aucun remboursement ou changement ne pourra \u00eatre effectu\u00e9.\n\nEn cas de retard sup\u00e9rieur \u00e0 15 minutes, la dur\u00e9e du soin pourra \u00eatre \u00e9court\u00e9e afin de ne pas impacter la s\u00e9ance suivante.\nEn cas de non-pr\u00e9sentation, la prestation sera consid\u00e9r\u00e9e comme due et non remboursable.\n\nPour toute question ou assistance, nous vous invitons \u00e0 consulter notre formulaire de contact ou \u00e0 vous r\u00e9f\u00e9rer \u00e0 nos Conditions G\u00e9n\u00e9rales de Vente.\n<\/span>\n\t\t\t\n\t\t\t\t\t\t<button type=\"button\" class=\"elementor-alert-dismiss\" aria-label=\"Ignorer cette alerte.\">\n\t\t\t\t\t\t\t\t\t<span aria-hidden=\"true\">&times;<\/span>\n\t\t\t\t\t\t\t<\/button>\n\t\t\t\n\t\t<\/div>\n\t\t\t\t\t\t<\/div>\n\t\t\t\t\t<\/div>\n\t\t\t\t<\/div>\n\t\t<div class=\"elementor-element elementor-element-e4fbb17 e-flex e-con-boxed cmsmasters-block-default e-con e-parent\" data-id=\"e4fbb17\" data-element_type=\"container\">\n\t\t\t\t\t<div class=\"e-con-inner\">\n\t\t<div class=\"elementor-element elementor-element-5b947cd e-flex e-con-boxed cmsmasters-block-default e-con e-child\" data-id=\"5b947cd\" data-element_type=\"container\" data-settings=\"{&quot;background_background&quot;:&quot;classic&quot;}\">\n\t\t\t\t\t<div class=\"e-con-inner\">\n\t\t\t\t<div class=\"elementor-element elementor-element-b6590a8 cmsmasters-block-default cmsmasters-sticky-default elementor-invisible elementor-widget elementor-widget-image\" data-id=\"b6590a8\" data-element_type=\"widget\" data-settings=\"{&quot;_animation&quot;:&quot;rotateIn&quot;}\" data-widget_type=\"image.default\">\n\t\t\t\t\t\t\t\t\t\t\t\t\t\t\t<img fetchpriority=\"high\" decoding=\"async\" width=\"2001\" height=\"2001\" src=\"https:\/\/dunespa.fr\/2025dune\/wp-content\/uploads\/2025\/07\/logo-icone-camel-2000x200px.png\" class=\"attachment-full size-full wp-image-47366\" alt=\"\" srcset=\"https:\/\/dunespa.fr\/2025dune\/wp-content\/uploads\/2025\/07\/logo-icone-camel-2000x200px.png 2001w, https:\/\/dunespa.fr\/2025dune\/wp-content\/uploads\/2025\/07\/logo-icone-camel-2000x200px-300x300.png 300w, https:\/\/dunespa.fr\/2025dune\/wp-content\/uploads\/2025\/07\/logo-icone-camel-2000x200px-100x100.png 100w, https:\/\/dunespa.fr\/2025dune\/wp-content\/uploads\/2025\/07\/logo-icone-camel-2000x200px-600x600.png 600w, https:\/\/dunespa.fr\/2025dune\/wp-content\/uploads\/2025\/07\/logo-icone-camel-2000x200px-1024x1024.png 1024w, https:\/\/dunespa.fr\/2025dune\/wp-content\/uploads\/2025\/07\/logo-icone-camel-2000x200px-150x150.png 150w, https:\/\/dunespa.fr\/2025dune\/wp-content\/uploads\/2025\/07\/logo-icone-camel-2000x200px-768x768.png 768w, https:\/\/dunespa.fr\/2025dune\/wp-content\/uploads\/2025\/07\/logo-icone-camel-2000x200px-1536x1536.png 1536w, https:\/\/dunespa.fr\/2025dune\/wp-content\/uploads\/2025\/07\/logo-icone-camel-2000x200px-260x260.png 260w\" sizes=\"(max-width: 2001px) 100vw, 2001px\" \/>\t\t\t\t\t\t\t\t\t\t\t\t\t\t\t<\/div>\n\t\t\t\t<div class=\"elementor-element elementor-element-8561547 cmsmasters-block-default cmsmasters-sticky-default elementor-invisible elementor-widget elementor-widget-heading\" data-id=\"8561547\" data-element_type=\"widget\" data-settings=\"{&quot;_animation&quot;:&quot;fadeIn&quot;,&quot;_animation_delay&quot;:200}\" data-widget_type=\"heading.default\">\n\t\t\t\t\t<h2 class=\"elementor-heading-title elementor-size-default\">R\u00e9server un cr\u00e9neau<\/h2>\t\t\t\t<\/div>\n\t\t\t\t<div class=\"elementor-element elementor-element-55beb00 cmsmasters-block-default cmsmasters-sticky-default elementor-widget elementor-widget-bookly-widget-bookly-form\" data-id=\"55beb00\" data-element_type=\"widget\" data-widget_type=\"bookly-widget-bookly-form.default\">\n\t\t\t\t<div class=\"elementor-widget-container\">\n\t\t\t\t\t<!--\nPlugin Name: Bookly - Responsive WordPress Appointment Booking and Scheduling Plugin\nPlugin URI: https:\/\/www.booking-wp-plugin.com\/?utm_source=bookly_admin&utm_medium=plugins_page&utm_campaign=plugins_page\nVersion: 25.5-->\n<style type=\"text\/css\">\n    :root {\n        --bookly-main-color: #bd752a !important;\n        --bookly-color: #bd752a !important;\n    }\n\n        .bookly-box .bookly-js-employee-wrap {\n  display: none !important;\n}    <\/style><div class=\"bookly-css-root\">\n    <div id=\"bookly-form-69d220fdae426\" class=\"bookly-form\" data-form_id=\"69d220fdae426\" aria-live=\"polite\">\n        <div style=\"text-align: center\"><img decoding=\"async\" src=\"https:\/\/dunespa.fr\/2025dune\/wp-includes\/js\/tinymce\/skins\/lightgray\/img\/loader.gif\" alt=\"Chargement...\"\/><\/div>\n    <\/div>\n<\/div>\n<script type=\"text\/javascript\">\n    (function (win, fn) {\n        var done = false, top = true,\n            doc = win.document,\n            root = doc.documentElement,\n            modern = doc.addEventListener,\n            add = modern ? 'addEventListener' : 'attachEvent',\n            rem = modern ? 'removeEventListener' : 'detachEvent',\n            pre = modern ? '' : 'on',\n            init = function (e) {\n                if (e.type == 'readystatechange') if (doc.readyState != 'complete') return;\n                (e.type == 'load' ? win : doc)[rem](pre + e.type, init, false);\n                if (!done) {\n                    done = true;\n                    fn.call(win, e.type || e);\n                }\n            },\n            poll = function () {\n                try {\n                    root.doScroll('left');\n                } catch (e) {\n                    setTimeout(poll, 50);\n                    return;\n                }\n                init('poll');\n            };\n        if (doc.readyState == 'complete') fn.call(win, 'lazy');\n        else {\n            if (!modern) if (root.doScroll) {\n                try {\n                    top = !win.frameElement;\n                } catch (e) {\n                }\n                if (top) poll();\n            }\n            doc[add](pre + 'DOMContentLoaded', init, false);\n            doc[add](pre + 'readystatechange', init, false);\n            win[add](pre + 'load', init, false);\n        }\n    })(window, function () {\n        window.bookly( {\"form_id\":\"69d220fdae426\",\"status\":{\"booking\":\"new\"},\"skip_steps\":{\"service_part1\":0,\"service_part2\":1,\"extras\":0,\"time\":0,\"repeat\":1,\"cart\":0},\"errors\":{\"session_error\":\"Erreur Session.\",\"form_id_error\":\"ID Formulaire d'erreur.\",\"cart_item_not_available\":\"Le cr\\u00e9neau surlign\\u00e9 n'est plus disponible. Veuillez en choisir un autre.\",\"pay_locally_not_available\":\"Le paiement local n'est pas disponible.\",\"invalid_gateway\":\"Portail invalide.\",\"payment_error\":\"Erreur\",\"incorrect_username_password\":\"Identifiant ou mot de passe incorrect.\"},\"form_attributes\":{\"hide_categories\":false,\"hide_services\":false,\"hide_staff_members\":true,\"show_number_of_persons\":true,\"hide_service_duration\":true,\"hide_locations\":true,\"hide_quantity\":true,\"hide_date\":true,\"hide_week_days\":true,\"hide_time_range\":true},\"use_client_time_zone\":1,\"defaults\":{\"service_id\":0,\"staff_id\":0,\"location_id\":0,\"category_id\":0},\"datepicker_mode\":\"text-accent\",\"facebook\":{\"enabled\":0,\"appId\":\"\"},\"step_extras\":\"before_step_time\",\"stripe\":{\"enabled\":1}} );\n    });\n<\/script>\t\t\t\t<\/div>\n\t\t\t\t<\/div>\n\t\t\t\t\t<\/div>\n\t\t\t\t<\/div>\n\t\t\t\t\t<\/div>\n\t\t\t\t<\/div>\n\t\t\t\t<\/div>\n\t\t","protected":false},"excerpt":{"rendered":"<p>R\u00e9servations &amp; Conditions Merci de noter que toute annulation ou modification doit \u00eatre signal\u00e9e au moins 48h \u00e0 l\u2019avance. Pass\u00e9 ce d\u00e9lai, aucun remboursement ou changement ne pourra \u00eatre effectu\u00e9. En cas de retard sup\u00e9rieur \u00e0 15 minutes, la dur\u00e9e du soin pourra \u00eatre \u00e9court\u00e9e afin de ne pas impacter la s\u00e9ance suivante. En cas&#8230;<\/p>\n","protected":false},"author":1,"featured_media":0,"parent":0,"menu_order":0,"comment_status":"closed","ping_status":"closed","template":"","meta":{"_acf_changed":false,"footnotes":""},"class_list":["post-28479","page","type-page","status-publish","hentry"],"acf":[],"jetpack_sharing_enabled":true,"_links":{"self":[{"href":"https:\/\/dunespa.fr\/2025dune\/wp-json\/wp\/v2\/pages\/28479","targetHints":{"allow":["GET"]}}],"collection":[{"href":"https:\/\/dunespa.fr\/2025dune\/wp-json\/wp\/v2\/pages"}],"about":[{"href":"https:\/\/dunespa.fr\/2025dune\/wp-json\/wp\/v2\/types\/page"}],"author":[{"embeddable":true,"href":"https:\/\/dunespa.fr\/2025dune\/wp-json\/wp\/v2\/users\/1"}],"replies":[{"embeddable":true,"href":"https:\/\/dunespa.fr\/2025dune\/wp-json\/wp\/v2\/comments?post=28479"}],"version-history":[{"count":37,"href":"https:\/\/dunespa.fr\/2025dune\/wp-json\/wp\/v2\/pages\/28479\/revisions"}],"predecessor-version":[{"id":47839,"href":"https:\/\/dunespa.fr\/2025dune\/wp-json\/wp\/v2\/pages\/28479\/revisions\/47839"}],"wp:attachment":[{"href":"https:\/\/dunespa.fr\/2025dune\/wp-json\/wp\/v2\/media?parent=28479"}],"curies":[{"name":"wp","href":"https:\/\/api.w.org\/{rel}","templated":true}]}}