{"id":45757,"date":"2025-05-03T18:50:37","date_gmt":"2025-05-03T18:50:37","guid":{"rendered":"https:\/\/theme-dev.cmsmasters.net\/wellness-bliss\/?page_id=45757"},"modified":"2025-07-25T14:32:20","modified_gmt":"2025-07-25T12:32:20","slug":"mon-compte","status":"publish","type":"page","link":"https:\/\/dunespa.fr\/2025dune\/mon-compte\/","title":{"rendered":"Mon compte Dune spa"},"content":{"rendered":"\t\t<div data-elementor-type=\"wp-page\" data-elementor-id=\"45757\" class=\"elementor elementor-45757\">\n\t\t\t\t<div class=\"elementor-element elementor-element-8facf05 e-flex e-con-boxed cmsmasters-block-default e-con e-parent\" data-id=\"8facf05\" data-element_type=\"container\">\n\t\t\t\t\t<div class=\"e-con-inner\">\n\t\t\t\t<div class=\"elementor-element elementor-element-fdb0a13 cmsmasters-block-default cmsmasters-sticky-default elementor-widget elementor-widget-heading\" data-id=\"fdb0a13\" data-element_type=\"widget\" data-widget_type=\"heading.default\">\n\t\t\t\t\t<h2 class=\"elementor-heading-title elementor-size-default\">Mon compte Dune spa<\/h2>\t\t\t\t<\/div>\n\t\t\t\t<div class=\"elementor-element elementor-element-084d96b cmsmasters-my-account-tabs-vertical cmsmasters-my-account-tabs-responsive-view-mobile cmsmasters-my-account-login-form-layout-block cmsmasters-block-default cmsmasters-sticky-default elementor-widget elementor-widget-cmsmasters-woo-my-account\" data-id=\"084d96b\" data-element_type=\"widget\" data-widget_type=\"cmsmasters-woo-my-account.default\">\n\t\t\t\t\t<div class=\"woocommerce-notices-wrapper\"><\/div>\n\n\t\t<h2>Se connecter<\/h2>\n\n\t\t<form class=\"woocommerce-form woocommerce-form-login login\" method=\"post\" novalidate>\n\n\t\t\t\n\t\t\t<p class=\"woocommerce-form-row woocommerce-form-row--wide form-row form-row-wide\">\n\t\t\t\t<label for=\"username\">Identifiant ou e-mail&nbsp;<span class=\"required\" aria-hidden=\"true\">*<\/span><span class=\"screen-reader-text\">Obligatoire<\/span><\/label>\n\t\t\t\t<input type=\"text\" class=\"woocommerce-Input woocommerce-Input--text input-text\" name=\"username\" id=\"username\" autocomplete=\"username\" value=\"\" required aria-required=\"true\" \/>\t\t\t<\/p>\n\t\t\t<p class=\"woocommerce-form-row woocommerce-form-row--wide form-row form-row-wide\">\n\t\t\t\t<label for=\"password\">Mot de passe&nbsp;<span class=\"required\" aria-hidden=\"true\">*<\/span><span class=\"screen-reader-text\">Obligatoire<\/span><\/label>\n\t\t\t\t<input class=\"woocommerce-Input woocommerce-Input--text input-text\" type=\"password\" name=\"password\" id=\"password\" autocomplete=\"current-password\" required aria-required=\"true\" \/>\n\t\t\t<\/p>\n\n\t\t\t\n\t\t\t<p class=\"form-row\">\n\t\t\t\t<label class=\"woocommerce-form__label woocommerce-form__label-for-checkbox woocommerce-form-login__rememberme\">\n\t\t\t\t\t<input class=\"woocommerce-form__input woocommerce-form__input-checkbox\" name=\"rememberme\" type=\"checkbox\" id=\"rememberme\" value=\"forever\" \/> <span>Se souvenir de moi<\/span>\n\t\t\t\t<\/label>\n\t\t\t\t<input type=\"hidden\" id=\"woocommerce-login-nonce\" name=\"woocommerce-login-nonce\" value=\"b273b4f276\" \/><input type=\"hidden\" name=\"_wp_http_referer\" value=\"\/2025dune\/wp-json\/wp\/v2\/pages\/45757\" \/>\t\t\t\t<button type=\"submit\" class=\"woocommerce-button button woocommerce-form-login__submit\" name=\"login\" value=\"Se connecter\">Se connecter<\/button>\n\t\t\t<\/p>\n\t\t\t<p class=\"woocommerce-LostPassword lost_password\">\n\t\t\t\t<a href=\"https:\/\/dunespa.fr\/2025dune\/mon-compte\/deconnexion\/\">Mot de passe perdu\u00a0?<\/a>\n\t\t\t<\/p>\n\n\t\t\t\n\t\t<\/form>\n\n\n\t\t\t\t<\/div>\n\t\t\t\t\t<\/div>\n\t\t\t\t<\/div>\n\t\t\t\t<\/div>\n\t\t","protected":false},"excerpt":{"rendered":"<p>Mon compte Dune spa Se connecter Identifiant ou e-mail&nbsp;*Obligatoire Mot de passe&nbsp;*Obligatoire Se souvenir de moi Se connecter Mot de passe perdu\u00a0? Tableau de bord R\u00e9servation et commandes Solde de la Carte Cadeau T\u00e9l\u00e9charments Addresses Moyens de paiement D\u00e9tails du compte Se d\u00e9connecter Bonjour mariemulr (vous n\u2019\u00eates pas mariemulr\u00a0? D\u00e9connexion) \u00c0 partir du tableau de&#8230;<\/p>\n","protected":false},"author":1,"featured_media":0,"parent":0,"menu_order":0,"comment_status":"closed","ping_status":"closed","template":"","meta":{"_acf_changed":false,"footnotes":""},"class_list":["post-45757","page","type-page","status-publish","hentry"],"acf":[],"jetpack_sharing_enabled":true,"_links":{"self":[{"href":"https:\/\/dunespa.fr\/2025dune\/wp-json\/wp\/v2\/pages\/45757","targetHints":{"allow":["GET"]}}],"collection":[{"href":"https:\/\/dunespa.fr\/2025dune\/wp-json\/wp\/v2\/pages"}],"about":[{"href":"https:\/\/dunespa.fr\/2025dune\/wp-json\/wp\/v2\/types\/page"}],"author":[{"embeddable":true,"href":"https:\/\/dunespa.fr\/2025dune\/wp-json\/wp\/v2\/users\/1"}],"replies":[{"embeddable":true,"href":"https:\/\/dunespa.fr\/2025dune\/wp-json\/wp\/v2\/comments?post=45757"}],"version-history":[{"count":12,"href":"https:\/\/dunespa.fr\/2025dune\/wp-json\/wp\/v2\/pages\/45757\/revisions"}],"predecessor-version":[{"id":47797,"href":"https:\/\/dunespa.fr\/2025dune\/wp-json\/wp\/v2\/pages\/45757\/revisions\/47797"}],"wp:attachment":[{"href":"https:\/\/dunespa.fr\/2025dune\/wp-json\/wp\/v2\/media?parent=45757"}],"curies":[{"name":"wp","href":"https:\/\/api.w.org\/{rel}","templated":true}]}}