{"id":47649,"date":"2025-07-23T17:17:13","date_gmt":"2025-07-23T15:17:13","guid":{"rendered":"https:\/\/dunespa.fr\/2025dune\/?page_id=47649"},"modified":"2025-08-05T12:30:56","modified_gmt":"2025-08-05T10:30:56","slug":"mentions-legales","status":"publish","type":"page","link":"https:\/\/dunespa.fr\/2025dune\/mentions-legales\/","title":{"rendered":"Mentions l\u00e9gales \u00a0Dune Spa"},"content":{"rendered":"\t\t<div data-elementor-type=\"wp-page\" data-elementor-id=\"47649\" class=\"elementor elementor-47649\">\n\t\t\t\t<div class=\"elementor-element elementor-element-375dbef e-flex e-con-boxed cmsmasters-block-default e-con e-parent\" data-id=\"375dbef\" data-element_type=\"container\">\n\t\t\t\t\t<div class=\"e-con-inner\">\n\t\t\t\t<div class=\"elementor-element elementor-element-bd80245 cmsmasters-block-default cmsmasters-sticky-default elementor-widget elementor-widget-heading\" data-id=\"bd80245\" data-element_type=\"widget\" data-widget_type=\"heading.default\">\n\t\t\t\t\t<h2 class=\"elementor-heading-title elementor-size-default\">Mentions l\u00e9gales<\/h2>\t\t\t\t<\/div>\n\t\t\t\t<div class=\"elementor-element elementor-element-2290ba5 cmsmasters-block-default cmsmasters-sticky-default elementor-widget elementor-widget-heading\" data-id=\"2290ba5\" data-element_type=\"widget\" data-widget_type=\"heading.default\">\n\t\t\t\t\t<h2 class=\"elementor-heading-title elementor-size-default\">Derni\u00e8re mise \u00e0 jour : 16 juillet 2025<\/h2>\t\t\t\t<\/div>\n\t\t\t\t<div class=\"elementor-element elementor-element-35d7491 cmsmasters-block-default cmsmasters-sticky-default elementor-widget elementor-widget-text-editor\" data-id=\"35d7491\" data-element_type=\"widget\" data-widget_type=\"text-editor.default\">\n\t\t\t\t\t\t\t\t\t<p class=\"p1\">onform\u00e9ment aux articles 6-III et 19 de la Loi n\u00b02004-575 du 21 juin 2004 pour la Confiance dans l\u2019\u00e9conomie num\u00e9rique (L.C.E.N.), il est port\u00e9 \u00e0 la connaissance des utilisateurs et visiteurs du site <span class=\"s1\"><b>https:\/\/dunespa.fr<\/b><\/span> les pr\u00e9sentes mentions l\u00e9gales.<\/p><p class=\"p1\">La navigation sur le site <span class=\"s1\"><b>dunespa.fr<\/b><\/span> implique l\u2019acceptation pleine et enti\u00e8re des conditions ci-apr\u00e8s d\u00e9crites. Ces mentions l\u00e9gales peuvent \u00eatre modifi\u00e9es \u00e0 tout moment, les utilisateurs sont donc invit\u00e9s \u00e0 les consulter r\u00e9guli\u00e8rement.<\/p><h4><b>1. \u00c9diteur du site<\/b><\/h4><ul><li><span class=\"s1\"><b>Propri\u00e9taire<\/b><\/span> : Mounir KHETIB<\/li><li>Adresse : 6, Rue des Pr\u00e9s, 67510 Lembach<\/li><li>T\u00e9l\u00e9phone : +33 6 51 22 05 68<\/li><li>Email : contact@dunespa.fr<\/li><li>Forme juridique : SAS \u2013 Soci\u00e9t\u00e9 par Actions Simplifi\u00e9e<\/li><li>SIREN : 942 409 145<\/li><li>SIRET : 942 409 145 00011<\/li><li>Code APE : 9604Z \u2013 Entretien corporel<\/li><li>Directeur de la publication : Mounir KHETIB<\/li><\/ul><h4><b>2. Conception et r\u00e9alisation du site<\/b><\/h4><p class=\"p4\"><b>Graphisme et d\u00e9veloppement<\/b><span class=\"s3\"> :<\/span><\/p><ul><li class=\"p1\">Muller Marie, g\u00e9rante de la soci\u00e9t\u00e9 <span class=\"s1\"><b>Graphisme by Marie<\/b><b><\/b><\/span><\/li><li class=\"p1\">Adresse : 5 impasse des Violettes, 67360 Durrenbach<\/li><li class=\"p1\">T\u00e9l\u00e9phone : +33 7 83 17 86 87<\/li><li class=\"p1\">Email : graphismebymarie@gmail.com<\/li><li class=\"p1\">Site : <a href=\"https:\/\/graphismebymarie.fr\/\">https:\/\/graphismebymarie.fr<\/a><\/li><\/ul><h4><b>3. H\u00e9bergement<\/b><\/h4><p class=\"p1\">Le site <span class=\"s1\"><b>dunespa.fr<\/b><\/span> est h\u00e9berg\u00e9 par :<\/p><ul><li class=\"p4\"><b>Hostinger International Ltd<\/b><b><\/b><\/li><li class=\"p1\">Adresse : 61 Lordou Vironos Street, 6023 Larnaca, Chypre<\/li><li class=\"p1\">Page de contact : <a href=\"https:\/\/www.hostinger.fr\/contact\">https:\/\/www.hostinger.fr\/contact<\/a><\/li><\/ul><h4><b>4. Propri\u00e9t\u00e9 intellectuelle<\/b><\/h4><p class=\"p1\">Le contenu du site <span class=\"s1\"><b>dunespa.fr<\/b><\/span> (textes, images, graphismes, logo, vid\u00e9os, structure, design, etc.) est la propri\u00e9t\u00e9 exclusive de Mounir KHETIB ou utilis\u00e9 avec l\u2019autorisation de leurs titulaires respectifs.<\/p><p class=\"p1\">Toute reproduction, repr\u00e9sentation, diffusion ou exploitation, totale ou partielle, sans l\u2019autorisation \u00e9crite pr\u00e9alable de Mounir KHETIB ou de GraphismebyMarie, est strictement interdite et pourra entra\u00eener des poursuites conform\u00e9ment aux articles du Code de la propri\u00e9t\u00e9 intellectuelle.<\/p><h4><b>5. Cr\u00e9dits photos<\/b><\/h4><p class=\"p1\">Les images utilis\u00e9es sur le site sont :<\/p><ul><li><p class=\"p1\">soit la propri\u00e9t\u00e9 exclusive de Mounir KHETIB,<\/p><\/li><li><p class=\"p1\"><span class=\"s1\">soit cr\u00e9\u00e9es par <\/span><a href=\"https:\/\/graphismebymarie.fr\"><b>GraphismebyMarie<\/b><\/a><span class=\"s1\">,<\/span><\/p><\/li><li><span class=\"s1\">soit cr\u00e9\u00e9es par <a href=\"https:\/\/babouchkatelier.fr\/\">B<strong>abouchkatelier<\/strong><\/a><\/span><\/li><li><p class=\"p1\">soit issues de banques d\u2019images libres de droits (\u00a9 Unsplash, \u00a9 Freepik).<\/p><\/li><\/ul><p class=\"p1\">Toute utilisation, reproduction ou distribution des images sans autorisation est interdite.<\/p><h4><b>6. Utilisation du site<\/b><\/h4><p>L\u2019utilisateur s\u2019engage \u00e0 acc\u00e9der au site avec un mat\u00e9riel r\u00e9cent, ne contenant pas de virus et avec un navigateur mis \u00e0 jour.<\/p><p>Toute utilisation, reproduction, diffusion, commercialisation ou modification du site ou de tout ou partie de son contenu sans autorisation est prohib\u00e9e et pourra entra\u00eener des poursuites judiciaires.<\/p><h4><b>7. Clause de non-responsabilit\u00e9<\/b><\/h4><p class=\"p1\">Mounir KHETIB s\u2019efforce d\u2019assurer l\u2019exactitude des informations diffus\u00e9es sur le site dunespa.fr. Toutefois, il ne saurait garantir leur exhaustivit\u00e9, leur actualit\u00e9, ni leur pertinence.<\/p><p class=\"p1\">Les informations fournies sur ce site sont donn\u00e9es \u00e0 titre indicatif et n\u2019ont aucune valeur contractuelle.<\/p><p class=\"p1\">L\u2019utilisation du site se fait sous la seule responsabilit\u00e9 de l\u2019utilisateur.<\/p><p class=\"p1\">Mounir KHETIB ne pourra \u00eatre tenu responsable des dommages directs ou indirects li\u00e9s \u00e0 l\u2019utilisation du site.<\/p><p class=\"p1\">Pour en savoir plus sur la collecte et le traitement de vos donn\u00e9es personnelles, veuillez consulter notre <a href=\"https:\/\/dunespa.fr\/politique-de-confidentialite\/\">Politique de Confidentialit\u00e9<\/a>.<\/p>\t\t\t\t\t\t\t\t<\/div>\n\t\t\t\t\t<\/div>\n\t\t\t\t<\/div>\n\t\t\t\t<\/div>\n\t\t","protected":false},"excerpt":{"rendered":"<p>Mentions l\u00e9gales Derni\u00e8re mise \u00e0 jour : 16 juillet 2025 onform\u00e9ment aux articles 6-III et 19 de la Loi n\u00b02004-575 du 21 juin 2004 pour la Confiance dans l\u2019\u00e9conomie num\u00e9rique (L.C.E.N.), il est port\u00e9 \u00e0 la connaissance des utilisateurs et visiteurs du site https:\/\/dunespa.fr les pr\u00e9sentes mentions l\u00e9gales. La navigation sur le site dunespa.fr implique&#8230;<\/p>\n","protected":false},"author":1,"featured_media":0,"parent":0,"menu_order":0,"comment_status":"closed","ping_status":"closed","template":"","meta":{"_acf_changed":false,"footnotes":""},"class_list":["post-47649","page","type-page","status-publish","hentry"],"acf":[],"jetpack_sharing_enabled":true,"_links":{"self":[{"href":"https:\/\/dunespa.fr\/2025dune\/wp-json\/wp\/v2\/pages\/47649","targetHints":{"allow":["GET"]}}],"collection":[{"href":"https:\/\/dunespa.fr\/2025dune\/wp-json\/wp\/v2\/pages"}],"about":[{"href":"https:\/\/dunespa.fr\/2025dune\/wp-json\/wp\/v2\/types\/page"}],"author":[{"embeddable":true,"href":"https:\/\/dunespa.fr\/2025dune\/wp-json\/wp\/v2\/users\/1"}],"replies":[{"embeddable":true,"href":"https:\/\/dunespa.fr\/2025dune\/wp-json\/wp\/v2\/comments?post=47649"}],"version-history":[{"count":11,"href":"https:\/\/dunespa.fr\/2025dune\/wp-json\/wp\/v2\/pages\/47649\/revisions"}],"predecessor-version":[{"id":48079,"href":"https:\/\/dunespa.fr\/2025dune\/wp-json\/wp\/v2\/pages\/47649\/revisions\/48079"}],"wp:attachment":[{"href":"https:\/\/dunespa.fr\/2025dune\/wp-json\/wp\/v2\/media?parent=47649"}],"curies":[{"name":"wp","href":"https:\/\/api.w.org\/{rel}","templated":true}]}}