{"id":47571,"date":"2025-07-23T12:13:16","date_gmt":"2025-07-23T10:13:16","guid":{"rendered":"https:\/\/dunespa.fr\/2025dune\/?post_type=product&#038;p=47571"},"modified":"2025-07-26T10:56:37","modified_gmt":"2025-07-26T08:56:37","slug":"carte-cadeau-anniversaire","status":"publish","type":"product","link":"https:\/\/dunespa.fr\/2025dune\/produit\/carte-cadeau-anniversaire\/","title":{"rendered":"Carte cadeau anniversaire"},"content":{"rendered":"<p class=\"p1\">Cette carte comprend : <b>2 heures de spa privatif<\/b><span class=\"s1\"> pour 2 personnes &#8211; <\/span><b>8 mignardises sucr\u00e9es<\/b><span class=\"s1\"> \u00e0 savourer \u00e0 deux &#8211; <\/span>Serviettes, peignoirs, sandales et tisanerie inclus &#8211; <b>Valable 6 mois \u00e0 partir de la date d\u2019achat.<\/b><\/p>\n","protected":false},"excerpt":{"rendered":"<p class=\"p1\">Offrez un moment inoubliable pour c\u00e9l\u00e9brer un anniversaire tout en douceur \u2728<\/p>\n<p class=\"p1\">Cette carte comprend :<\/p>\n<p class=\"p3\"><span class=\"s1\">\u2726 <\/span><b>2 heures de spa privatif<\/b><span class=\"s1\"> pour 2 personnes<\/span><\/p>\n<p class=\"p3\"><span class=\"s1\">\u2726 <\/span><b>8 mignardises sucr\u00e9es<\/b><span class=\"s1\"> \u00e0 savourer \u00e0 deux<\/span><\/p>\n<p class=\"p1\">\u2726 Serviettes, peignoirs, sandales et tisanerie inclus<\/p>\n<p class=\"p1\">Un cadeau original, raffin\u00e9 et 100% d\u00e9tente \u00e0 vivre \u00e0 deux.<\/p>\n<p class=\"p3\"><b>Valable 6 mois \u00e0 partir de la date d\u2019achat.<\/b><\/p>\n","protected":false},"featured_media":47846,"comment_status":"open","ping_status":"closed","template":"","meta":{"_acf_changed":false},"product_brand":[],"product_cat":[75],"product_tag":[],"class_list":{"0":"post-47571","1":"product","2":"type-product","3":"status-publish","4":"has-post-thumbnail","6":"product_cat-carte-cadeau","8":"first","9":"instock","10":"purchasable","11":"product-type-pw-gift-card","12":"has-default-attributes"},"acf":[],"jetpack_sharing_enabled":true,"_links":{"self":[{"href":"https:\/\/dunespa.fr\/2025dune\/wp-json\/wp\/v2\/product\/47571","targetHints":{"allow":["GET"]}}],"collection":[{"href":"https:\/\/dunespa.fr\/2025dune\/wp-json\/wp\/v2\/product"}],"about":[{"href":"https:\/\/dunespa.fr\/2025dune\/wp-json\/wp\/v2\/types\/product"}],"replies":[{"embeddable":true,"href":"https:\/\/dunespa.fr\/2025dune\/wp-json\/wp\/v2\/comments?post=47571"}],"wp:featuredmedia":[{"embeddable":true,"href":"https:\/\/dunespa.fr\/2025dune\/wp-json\/wp\/v2\/media\/47846"}],"wp:attachment":[{"href":"https:\/\/dunespa.fr\/2025dune\/wp-json\/wp\/v2\/media?parent=47571"}],"wp:term":[{"taxonomy":"product_brand","embeddable":true,"href":"https:\/\/dunespa.fr\/2025dune\/wp-json\/wp\/v2\/product_brand?post=47571"},{"taxonomy":"product_cat","embeddable":true,"href":"https:\/\/dunespa.fr\/2025dune\/wp-json\/wp\/v2\/product_cat?post=47571"},{"taxonomy":"product_tag","embeddable":true,"href":"https:\/\/dunespa.fr\/2025dune\/wp-json\/wp\/v2\/product_tag?post=47571"}],"curies":[{"name":"wp","href":"https:\/\/api.w.org\/{rel}","templated":true}]}}