{"id":47895,"date":"2025-07-26T10:35:17","date_gmt":"2025-07-26T08:35:17","guid":{"rendered":"https:\/\/dunespa.fr\/2025dune\/?post_type=product&#038;p=47895"},"modified":"2025-07-26T11:18:30","modified_gmt":"2025-07-26T09:18:30","slug":"carte-cadeau-a-mon-papa","status":"publish","type":"product","link":"https:\/\/dunespa.fr\/2025dune\/produit\/carte-cadeau-a-mon-papa\/","title":{"rendered":"Carte cadeau &#8211; \u00c0 mon papa"},"content":{"rendered":"<p class=\"p1\"><span class=\"s1\">Offrez-lui <\/span><b>un moment de r\u00e9cup\u00e9ration intense<\/b><span class=\"s1\"> avec ce massage tonique de 45 minutes, sp\u00e9cialement con\u00e7u pour <\/span><b>soulager les tensions musculaires<\/b><span class=\"s1\">, <\/span><b>d\u00e9lier le corps<\/b><span class=\"s1\"> et <\/span><b>recharger les batteries<\/b><span class=\"s1\">. <\/span>Un vrai coup de boost, pour un papa en pleine forme. \u00a0Carte valable 6 mois \u00e0 partir de la date d\u2019achat.<\/p>\n","protected":false},"excerpt":{"rendered":"<p class=\"p1\"><b>Massage sportif \u2013 45 minutes<\/b><b><\/b><\/p>\n<p class=\"p3\">Parce qu\u2019il le m\u00e9rite.<\/p>\n<p class=\"p1\"><span class=\"s1\">Offrez-lui <\/span><b>un moment de r\u00e9cup\u00e9ration intense<\/b><span class=\"s1\"> avec ce massage tonique de 45 minutes, sp\u00e9cialement con\u00e7u pour <\/span><b>soulager les tensions musculaires<\/b><span class=\"s1\">, <\/span><b>d\u00e9lier le corps<\/b><span class=\"s1\"> et <\/span><b>recharger les batteries<\/b><span class=\"s1\">.<\/span><\/p>\n<p class=\"p3\">Id\u00e9al apr\u00e8s une journ\u00e9e bien remplie, un effort physique ou simplement pour rel\u00e2cher la pression du quotidien.<\/p>\n<p class=\"p3\">Un vrai coup de boost, pour un papa en pleine forme.<\/p>\n<p class=\"p3\">Carte valable 6 mois \u00e0 partir de la date d\u2019achat.<\/p>\n","protected":false},"featured_media":47873,"comment_status":"open","ping_status":"closed","template":"","meta":{"_acf_changed":false},"product_brand":[],"product_cat":[75],"product_tag":[],"class_list":{"0":"post-47895","1":"product","2":"type-product","3":"status-publish","4":"has-post-thumbnail","6":"product_cat-carte-cadeau","8":"first","9":"instock","10":"purchasable","11":"product-type-pw-gift-card","12":"has-default-attributes"},"acf":[],"jetpack_sharing_enabled":true,"_links":{"self":[{"href":"https:\/\/dunespa.fr\/2025dune\/wp-json\/wp\/v2\/product\/47895","targetHints":{"allow":["GET"]}}],"collection":[{"href":"https:\/\/dunespa.fr\/2025dune\/wp-json\/wp\/v2\/product"}],"about":[{"href":"https:\/\/dunespa.fr\/2025dune\/wp-json\/wp\/v2\/types\/product"}],"replies":[{"embeddable":true,"href":"https:\/\/dunespa.fr\/2025dune\/wp-json\/wp\/v2\/comments?post=47895"}],"wp:featuredmedia":[{"embeddable":true,"href":"https:\/\/dunespa.fr\/2025dune\/wp-json\/wp\/v2\/media\/47873"}],"wp:attachment":[{"href":"https:\/\/dunespa.fr\/2025dune\/wp-json\/wp\/v2\/media?parent=47895"}],"wp:term":[{"taxonomy":"product_brand","embeddable":true,"href":"https:\/\/dunespa.fr\/2025dune\/wp-json\/wp\/v2\/product_brand?post=47895"},{"taxonomy":"product_cat","embeddable":true,"href":"https:\/\/dunespa.fr\/2025dune\/wp-json\/wp\/v2\/product_cat?post=47895"},{"taxonomy":"product_tag","embeddable":true,"href":"https:\/\/dunespa.fr\/2025dune\/wp-json\/wp\/v2\/product_tag?post=47895"}],"curies":[{"name":"wp","href":"https:\/\/api.w.org\/{rel}","templated":true}]}}