{"id":47921,"date":"2025-07-26T11:37:53","date_gmt":"2025-07-26T09:37:53","guid":{"rendered":"https:\/\/dunespa.fr\/2025dune\/?post_type=product&#038;p=47921"},"modified":"2025-07-26T11:45:33","modified_gmt":"2025-07-26T09:45:33","slug":"soin-a-la-pierre-dalun","status":"publish","type":"product","link":"https:\/\/dunespa.fr\/2025dune\/produit\/soin-a-la-pierre-dalun\/","title":{"rendered":"Soin \u00e0 la pierre d\u2019alun"},"content":{"rendered":"<p class=\"p1\">Offrez une parenth\u00e8se de puret\u00e9 et de douceur avec ce soin exceptionnel de 45 minutes, con\u00e7u pour purifier, tonifier et r\u00e9g\u00e9n\u00e9rer la peau gr\u00e2ce aux vertus naturelles de la pierre d\u2019alun. Ce moment de bien-\u00eatre profond est id\u00e9al pour redonner \u00e0 la peau tout son \u00e9clat et sa luminosit\u00e9. Un cadeau parfait pour celles et ceux qui ont besoin de se reconnecter \u00e0 leur corps, tout en douceur.<\/p>\n","protected":false},"excerpt":{"rendered":"<p class=\"p1\">Offrez une parenth\u00e8se de puret\u00e9 et de douceur avec ce soin exceptionnel de 45 minutes, con\u00e7u pour purifier, tonifier et r\u00e9g\u00e9n\u00e9rer la peau gr\u00e2ce aux vertus naturelles de la pierre d\u2019alun. Ce moment de bien-\u00eatre profond est id\u00e9al pour redonner \u00e0 la peau tout son \u00e9clat et sa luminosit\u00e9. Un cadeau parfait pour celles et ceux qui ont besoin de se reconnecter \u00e0 leur corps, tout en douceur.<\/p>\n","protected":false},"featured_media":47869,"comment_status":"open","ping_status":"closed","template":"","meta":{"_acf_changed":false},"product_brand":[],"product_cat":[75],"product_tag":[],"class_list":{"0":"post-47921","1":"product","2":"type-product","3":"status-publish","4":"has-post-thumbnail","6":"product_cat-carte-cadeau","8":"first","9":"instock","10":"purchasable","11":"product-type-pw-gift-card","12":"has-default-attributes"},"acf":[],"jetpack_sharing_enabled":true,"_links":{"self":[{"href":"https:\/\/dunespa.fr\/2025dune\/wp-json\/wp\/v2\/product\/47921","targetHints":{"allow":["GET"]}}],"collection":[{"href":"https:\/\/dunespa.fr\/2025dune\/wp-json\/wp\/v2\/product"}],"about":[{"href":"https:\/\/dunespa.fr\/2025dune\/wp-json\/wp\/v2\/types\/product"}],"replies":[{"embeddable":true,"href":"https:\/\/dunespa.fr\/2025dune\/wp-json\/wp\/v2\/comments?post=47921"}],"wp:featuredmedia":[{"embeddable":true,"href":"https:\/\/dunespa.fr\/2025dune\/wp-json\/wp\/v2\/media\/47869"}],"wp:attachment":[{"href":"https:\/\/dunespa.fr\/2025dune\/wp-json\/wp\/v2\/media?parent=47921"}],"wp:term":[{"taxonomy":"product_brand","embeddable":true,"href":"https:\/\/dunespa.fr\/2025dune\/wp-json\/wp\/v2\/product_brand?post=47921"},{"taxonomy":"product_cat","embeddable":true,"href":"https:\/\/dunespa.fr\/2025dune\/wp-json\/wp\/v2\/product_cat?post=47921"},{"taxonomy":"product_tag","embeddable":true,"href":"https:\/\/dunespa.fr\/2025dune\/wp-json\/wp\/v2\/product_tag?post=47921"}],"curies":[{"name":"wp","href":"https:\/\/api.w.org\/{rel}","templated":true}]}}