{"id":47927,"date":"2025-07-26T11:43:08","date_gmt":"2025-07-26T09:43:08","guid":{"rendered":"https:\/\/dunespa.fr\/2025dune\/?post_type=product&#038;p=47927"},"modified":"2025-07-26T11:43:08","modified_gmt":"2025-07-26T09:43:08","slug":"voyage-en-orient","status":"publish","type":"product","link":"https:\/\/dunespa.fr\/2025dune\/produit\/voyage-en-orient\/","title":{"rendered":"Voyage en Orient"},"content":{"rendered":"<p class=\"p1\">Plongez dans un rituel sensoriel inspir\u00e9 des traditions orientales. Ce soin complet de 1h30 allie gestes enveloppants et ingr\u00e9dients pr\u00e9cieux pour une peau douce, un esprit d\u00e9tendu et une sensation de l\u00e9g\u00e8ret\u00e9 absolue. Un voyage hors du temps, pens\u00e9 pour celles et ceux qui r\u00eavent d\u2019une pause d\u00e9paysante et profond\u00e9ment relaxante.<\/p>\n","protected":false},"excerpt":{"rendered":"<p class=\"p1\">Plongez dans un rituel sensoriel inspir\u00e9 des traditions orientales. Ce soin complet de 1h30 allie gestes enveloppants et ingr\u00e9dients pr\u00e9cieux pour une peau douce, un esprit d\u00e9tendu et une sensation de l\u00e9g\u00e8ret\u00e9 absolue. Un voyage hors du temps, pens\u00e9 pour celles et ceux qui r\u00eavent d\u2019une pause d\u00e9paysante et profond\u00e9ment relaxante.<\/p>\n","protected":false},"featured_media":47871,"comment_status":"open","ping_status":"closed","template":"","meta":{"_acf_changed":false},"product_brand":[],"product_cat":[75],"product_tag":[],"class_list":{"0":"post-47927","1":"product","2":"type-product","3":"status-publish","4":"has-post-thumbnail","6":"product_cat-carte-cadeau","8":"first","9":"instock","10":"purchasable","11":"product-type-pw-gift-card","12":"has-default-attributes"},"acf":[],"jetpack_sharing_enabled":true,"_links":{"self":[{"href":"https:\/\/dunespa.fr\/2025dune\/wp-json\/wp\/v2\/product\/47927","targetHints":{"allow":["GET"]}}],"collection":[{"href":"https:\/\/dunespa.fr\/2025dune\/wp-json\/wp\/v2\/product"}],"about":[{"href":"https:\/\/dunespa.fr\/2025dune\/wp-json\/wp\/v2\/types\/product"}],"replies":[{"embeddable":true,"href":"https:\/\/dunespa.fr\/2025dune\/wp-json\/wp\/v2\/comments?post=47927"}],"wp:featuredmedia":[{"embeddable":true,"href":"https:\/\/dunespa.fr\/2025dune\/wp-json\/wp\/v2\/media\/47871"}],"wp:attachment":[{"href":"https:\/\/dunespa.fr\/2025dune\/wp-json\/wp\/v2\/media?parent=47927"}],"wp:term":[{"taxonomy":"product_brand","embeddable":true,"href":"https:\/\/dunespa.fr\/2025dune\/wp-json\/wp\/v2\/product_brand?post=47927"},{"taxonomy":"product_cat","embeddable":true,"href":"https:\/\/dunespa.fr\/2025dune\/wp-json\/wp\/v2\/product_cat?post=47927"},{"taxonomy":"product_tag","embeddable":true,"href":"https:\/\/dunespa.fr\/2025dune\/wp-json\/wp\/v2\/product_tag?post=47927"}],"curies":[{"name":"wp","href":"https:\/\/api.w.org\/{rel}","templated":true}]}}