{"id":47932,"date":"2025-07-26T11:49:01","date_gmt":"2025-07-26T09:49:01","guid":{"rendered":"https:\/\/dunespa.fr\/2025dune\/?post_type=product&#038;p=47932"},"modified":"2025-07-26T11:49:01","modified_gmt":"2025-07-26T09:49:01","slug":"soin-coup-declat","status":"publish","type":"product","link":"https:\/\/dunespa.fr\/2025dune\/produit\/soin-coup-declat\/","title":{"rendered":"Soin coup d\u2019\u00e9clat"},"content":{"rendered":"<p class=\"p1\">Un v\u00e9ritable boost d\u2019\u00e9nergie pour le visage\u202f! Ce soin de 45 minutes revitalise, oxyg\u00e8ne et illumine le teint en un clin d\u2019\u0153il. Parfait avant un \u00e9v\u00e9nement ou pour redonner de l\u2019\u00e9clat \u00e0 une peau fatigu\u00e9e, c\u2019est une bulle de fra\u00eecheur \u00e0 offrir ou \u00e0 s\u2019offrir, pour retrouver bonne mine et l\u00e9g\u00e8ret\u00e9.<\/p>\n","protected":false},"excerpt":{"rendered":"<p class=\"p1\">Un v\u00e9ritable boost d\u2019\u00e9nergie pour le visage\u202f! Ce soin de 45 minutes revitalise, oxyg\u00e8ne et illumine le teint en un clin d\u2019\u0153il. Parfait avant un \u00e9v\u00e9nement ou pour redonner de l\u2019\u00e9clat \u00e0 une peau fatigu\u00e9e, c\u2019est une bulle de fra\u00eecheur \u00e0 offrir ou \u00e0 s\u2019offrir, pour retrouver bonne mine et l\u00e9g\u00e8ret\u00e9.<\/p>\n","protected":false},"featured_media":47861,"comment_status":"open","ping_status":"closed","template":"","meta":{"_acf_changed":false},"product_brand":[],"product_cat":[75],"product_tag":[],"class_list":{"0":"post-47932","1":"product","2":"type-product","3":"status-publish","4":"has-post-thumbnail","6":"product_cat-carte-cadeau","8":"first","9":"instock","10":"purchasable","11":"product-type-pw-gift-card","12":"has-default-attributes"},"acf":[],"jetpack_sharing_enabled":true,"_links":{"self":[{"href":"https:\/\/dunespa.fr\/2025dune\/wp-json\/wp\/v2\/product\/47932","targetHints":{"allow":["GET"]}}],"collection":[{"href":"https:\/\/dunespa.fr\/2025dune\/wp-json\/wp\/v2\/product"}],"about":[{"href":"https:\/\/dunespa.fr\/2025dune\/wp-json\/wp\/v2\/types\/product"}],"replies":[{"embeddable":true,"href":"https:\/\/dunespa.fr\/2025dune\/wp-json\/wp\/v2\/comments?post=47932"}],"wp:featuredmedia":[{"embeddable":true,"href":"https:\/\/dunespa.fr\/2025dune\/wp-json\/wp\/v2\/media\/47861"}],"wp:attachment":[{"href":"https:\/\/dunespa.fr\/2025dune\/wp-json\/wp\/v2\/media?parent=47932"}],"wp:term":[{"taxonomy":"product_brand","embeddable":true,"href":"https:\/\/dunespa.fr\/2025dune\/wp-json\/wp\/v2\/product_brand?post=47932"},{"taxonomy":"product_cat","embeddable":true,"href":"https:\/\/dunespa.fr\/2025dune\/wp-json\/wp\/v2\/product_cat?post=47932"},{"taxonomy":"product_tag","embeddable":true,"href":"https:\/\/dunespa.fr\/2025dune\/wp-json\/wp\/v2\/product_tag?post=47932"}],"curies":[{"name":"wp","href":"https:\/\/api.w.org\/{rel}","templated":true}]}}