{"id":47939,"date":"2025-07-26T11:56:15","date_gmt":"2025-07-26T09:56:15","guid":{"rendered":"https:\/\/dunespa.fr\/2025dune\/?post_type=product&#038;p=47939"},"modified":"2025-07-26T11:56:15","modified_gmt":"2025-07-26T09:56:15","slug":"soins-beaute-dorient","status":"publish","type":"product","link":"https:\/\/dunespa.fr\/2025dune\/produit\/soins-beaute-dorient\/","title":{"rendered":"Soins beaut\u00e9 d\u2019Orient"},"content":{"rendered":"<p class=\"p1\">Ce soin purifiant de 60 minutes est une invitation \u00e0 r\u00e9\u00e9quilibrer les peaux mixtes \u00e0 grasses. Gr\u00e2ce \u00e0 un nettoyage profond et une oxyg\u00e9nation en douceur, il affine le grain de peau et apporte une sensation de fra\u00eecheur durable. Offrez un moment de bien-\u00eatre cibl\u00e9, entre \u00e9quilibre et puret\u00e9.<\/p>\n","protected":false},"excerpt":{"rendered":"<p class=\"p1\">Ce soin purifiant de 60 minutes est une invitation \u00e0 r\u00e9\u00e9quilibrer les peaux mixtes \u00e0 grasses. Gr\u00e2ce \u00e0 un nettoyage profond et une oxyg\u00e9nation en douceur, il affine le grain de peau et apporte une sensation de fra\u00eecheur durable. Offrez un moment de bien-\u00eatre cibl\u00e9, entre \u00e9quilibre et puret\u00e9.<\/p>\n","protected":false},"featured_media":47870,"comment_status":"open","ping_status":"closed","template":"","meta":{"_acf_changed":false},"product_brand":[],"product_cat":[75],"product_tag":[],"class_list":{"0":"post-47939","1":"product","2":"type-product","3":"status-publish","4":"has-post-thumbnail","6":"product_cat-carte-cadeau","8":"first","9":"instock","10":"purchasable","11":"product-type-pw-gift-card","12":"has-default-attributes"},"acf":[],"jetpack_sharing_enabled":true,"_links":{"self":[{"href":"https:\/\/dunespa.fr\/2025dune\/wp-json\/wp\/v2\/product\/47939","targetHints":{"allow":["GET"]}}],"collection":[{"href":"https:\/\/dunespa.fr\/2025dune\/wp-json\/wp\/v2\/product"}],"about":[{"href":"https:\/\/dunespa.fr\/2025dune\/wp-json\/wp\/v2\/types\/product"}],"replies":[{"embeddable":true,"href":"https:\/\/dunespa.fr\/2025dune\/wp-json\/wp\/v2\/comments?post=47939"}],"wp:featuredmedia":[{"embeddable":true,"href":"https:\/\/dunespa.fr\/2025dune\/wp-json\/wp\/v2\/media\/47870"}],"wp:attachment":[{"href":"https:\/\/dunespa.fr\/2025dune\/wp-json\/wp\/v2\/media?parent=47939"}],"wp:term":[{"taxonomy":"product_brand","embeddable":true,"href":"https:\/\/dunespa.fr\/2025dune\/wp-json\/wp\/v2\/product_brand?post=47939"},{"taxonomy":"product_cat","embeddable":true,"href":"https:\/\/dunespa.fr\/2025dune\/wp-json\/wp\/v2\/product_cat?post=47939"},{"taxonomy":"product_tag","embeddable":true,"href":"https:\/\/dunespa.fr\/2025dune\/wp-json\/wp\/v2\/product_tag?post=47939"}],"curies":[{"name":"wp","href":"https:\/\/api.w.org\/{rel}","templated":true}]}}