{"id":47943,"date":"2025-07-26T11:59:53","date_gmt":"2025-07-26T09:59:53","guid":{"rendered":"https:\/\/dunespa.fr\/2025dune\/?post_type=product&#038;p=47943"},"modified":"2025-08-21T10:49:56","modified_gmt":"2025-08-21T08:49:56","slug":"soins-aux-portes-du-desert","status":"publish","type":"product","link":"https:\/\/dunespa.fr\/2025dune\/produit\/soins-aux-portes-du-desert\/","title":{"rendered":"Soins \u201cAux Portes du D\u00e9sert\u201d"},"content":{"rendered":"<p class=\"p1\">Un soin enveloppant qui puise son inspiration dans les traditions ancestrales du Maghreb. Pendant 1h15 minutes, la peau est purifi\u00e9e, hydrat\u00e9e et nourrie en profondeur gr\u00e2ce \u00e0 des gestes doux et des actifs naturels. Une escapade sensorielle id\u00e9ale pour celles et ceux qui r\u00eavent d\u2019un moment d\u2019\u00e9vasion, entre chaleur r\u00e9confortante et bien-\u00eatre absolu.<\/p>\n","protected":false},"excerpt":{"rendered":"<p class=\"p1\">Un soin enveloppant qui puise son inspiration dans les traditions ancestrales du Maghreb. Pendant 1h15 minutes, la peau est purifi\u00e9e, hydrat\u00e9e et nourrie en profondeur gr\u00e2ce \u00e0 des gestes doux et des actifs naturels. Une escapade sensorielle id\u00e9ale pour celles et ceux qui r\u00eavent d\u2019un moment d\u2019\u00e9vasion, entre chaleur r\u00e9confortante et bien-\u00eatre absolu.<\/p>\n","protected":false},"featured_media":47949,"comment_status":"open","ping_status":"closed","template":"","meta":{"_acf_changed":false},"product_brand":[],"product_cat":[75],"product_tag":[],"class_list":{"0":"post-47943","1":"product","2":"type-product","3":"status-publish","4":"has-post-thumbnail","6":"product_cat-carte-cadeau","8":"first","9":"instock","10":"purchasable","11":"product-type-pw-gift-card","12":"has-default-attributes"},"acf":[],"jetpack_sharing_enabled":true,"_links":{"self":[{"href":"https:\/\/dunespa.fr\/2025dune\/wp-json\/wp\/v2\/product\/47943","targetHints":{"allow":["GET"]}}],"collection":[{"href":"https:\/\/dunespa.fr\/2025dune\/wp-json\/wp\/v2\/product"}],"about":[{"href":"https:\/\/dunespa.fr\/2025dune\/wp-json\/wp\/v2\/types\/product"}],"replies":[{"embeddable":true,"href":"https:\/\/dunespa.fr\/2025dune\/wp-json\/wp\/v2\/comments?post=47943"}],"wp:featuredmedia":[{"embeddable":true,"href":"https:\/\/dunespa.fr\/2025dune\/wp-json\/wp\/v2\/media\/47949"}],"wp:attachment":[{"href":"https:\/\/dunespa.fr\/2025dune\/wp-json\/wp\/v2\/media?parent=47943"}],"wp:term":[{"taxonomy":"product_brand","embeddable":true,"href":"https:\/\/dunespa.fr\/2025dune\/wp-json\/wp\/v2\/product_brand?post=47943"},{"taxonomy":"product_cat","embeddable":true,"href":"https:\/\/dunespa.fr\/2025dune\/wp-json\/wp\/v2\/product_cat?post=47943"},{"taxonomy":"product_tag","embeddable":true,"href":"https:\/\/dunespa.fr\/2025dune\/wp-json\/wp\/v2\/product_tag?post=47943"}],"curies":[{"name":"wp","href":"https:\/\/api.w.org\/{rel}","templated":true}]}}